{"id":80,"date":"2019-02-21T22:02:12","date_gmt":"2019-02-21T21:02:12","guid":{"rendered":"http:\/\/kirschke-baumschulen.de\/?page_id=80"},"modified":"2026-03-21T12:03:56","modified_gmt":"2026-03-21T11:03:56","slug":"impressum-kontakt","status":"publish","type":"page","link":"https:\/\/kirschke-baumschulen.de\/?page_id=80","title":{"rendered":"Impressum"},"content":{"rendered":"\n<p class=\"has-text-align-center\">H. Kirschke &#8211; Baumschulen<br>Inh. Yvonne Kirschke<br>Steinmoor 1a<br>25355 Barmstedt<br><br>Telefon: 04123 \/ 5172<br>Telefax: 04123 \/ 6657<br>info@kirschke-Baumschulen.de<\/p>\n\n\n\n<p class=\"has-text-align-center\"><strong>Unternehmensform:<\/strong><br>Einzelunternehmen<br>Berufsbezeichnung \/ Kammern:<br>Baumschule (Deutschland)<br>Steuer-Nr. 31\/22522579<\/p>\n\n\n\n<p class=\"has-text-align-center\"><strong>Haftungshinweis:<\/strong><br>Trotz sorgf\u00e4ltiger und regelm\u00e4\u00dfiger Pr\u00fcfung all unserer Inhalte k\u00f6nnen wir f\u00fcr deren Aktualit\u00e4t, Richtigkeit und Vollst\u00e4ndigkeit keine Haftung \u00fcbernehmen. F\u00fcr Internetseiten anderer Anbieter zu denen auf unserer Pr\u00e4senz eventuell Links vorhanden sind, k\u00f6nnen wir ebenfalls keine Haftung \u00fcbernehmen, da wir auf deren Inhalte keinen Einfluss haben. Wir werden nach Kenntnis von Gesetzesverst\u00f6\u00dfen oder Verst\u00f6\u00dfen gegen die guten Sitten jedoch umgehend derartige Links entfernen.<br><br> Sollten wir mit unseren Inhalten gegen die Rechte Dritter versto\u00dfen, so machen Sie uns bitte direkt darauf aufmerksam und wir werden bei berechtigten Beanstandungen umgehend unsere Webseite angemessen \u00e4ndern. Daf\u00fcr ist kein Anwalt und auch keine Abmahngeb\u00fchr notwendig. Wir werden im Gegenteil bei Abmahngeb\u00fchren ohne M\u00f6glichkeit zur kostenneutralen Einigung unsererseits jegliche Kosten vollumf\u00e4nglich zur\u00fcckweisen und wenn n\u00f6tig auch rechtlichen Beistand in Anspruch nehmen. <\/p>\n","protected":false},"excerpt":{"rendered":"<p>H. Kirschke &#8211; BaumschulenInh. Yvonne KirschkeSteinmoor 1a25355 Barmstedt Telefon: 04123 \/ 5172Telefax: 04123 \/ 6657info@kirschke-Baumschulen.de Unternehmensform:EinzelunternehmenBerufsbezeichnung \/ Kammern:Baumschule (Deutschland)Steuer-Nr. 31\/22522579 [&hellip;]<\/p>\n","protected":false},"author":1,"featured_media":0,"parent":0,"menu_order":5,"comment_status":"closed","ping_status":"closed","template":"","meta":{"site-sidebar-layout":"default","site-content-layout":"","ast-site-content-layout":"default","site-content-style":"default","site-sidebar-style":"default","ast-global-header-display":"","ast-banner-title-visibility":"","ast-main-header-display":"","ast-hfb-above-header-display":"","ast-hfb-below-header-display":"","ast-hfb-mobile-header-display":"","site-post-title":"","ast-breadcrumbs-content":"","ast-featured-img":"","footer-sml-layout":"","ast-disable-related-posts":"","theme-transparent-header-meta":"","adv-header-id-meta":"","stick-header-meta":"","header-above-stick-meta":"","header-main-stick-meta":"","header-below-stick-meta":"","astra-migrate-meta-layouts":"default","ast-page-background-enabled":"default","ast-page-background-meta":{"desktop":{"background-color":"var(--ast-global-color-5)","background-image":"","background-repeat":"repeat","background-position":"center center","background-size":"auto","background-attachment":"scroll","background-type":"","background-media":"","overlay-type":"","overlay-color":"","overlay-opacity":"","overlay-gradient":""},"tablet":{"background-color":"","background-image":"","background-repeat":"repeat","background-position":"center center","background-size":"auto","background-attachment":"scroll","background-type":"","background-media":"","overlay-type":"","overlay-color":"","overlay-opacity":"","overlay-gradient":""},"mobile":{"background-color":"","background-image":"","background-repeat":"repeat","background-position":"center center","background-size":"auto","background-attachment":"scroll","background-type":"","background-media":"","overlay-type":"","overlay-color":"","overlay-opacity":"","overlay-gradient":""}},"ast-content-background-meta":{"desktop":{"background-color":"var(--ast-global-color-4)","background-image":"","background-repeat":"repeat","background-position":"center center","background-size":"auto","background-attachment":"scroll","background-type":"","background-media":"","overlay-type":"","overlay-color":"","overlay-opacity":"","overlay-gradient":""},"tablet":{"background-color":"var(--ast-global-color-4)","background-image":"","background-repeat":"repeat","background-position":"center center","background-size":"auto","background-attachment":"scroll","background-type":"","background-media":"","overlay-type":"","overlay-color":"","overlay-opacity":"","overlay-gradient":""},"mobile":{"background-color":"var(--ast-global-color-4)","background-image":"","background-repeat":"repeat","background-position":"center center","background-size":"auto","background-attachment":"scroll","background-type":"","background-media":"","overlay-type":"","overlay-color":"","overlay-opacity":"","overlay-gradient":""}}},"_links":{"self":[{"href":"https:\/\/kirschke-baumschulen.de\/index.php?rest_route=\/wp\/v2\/pages\/80"}],"collection":[{"href":"https:\/\/kirschke-baumschulen.de\/index.php?rest_route=\/wp\/v2\/pages"}],"about":[{"href":"https:\/\/kirschke-baumschulen.de\/index.php?rest_route=\/wp\/v2\/types\/page"}],"author":[{"embeddable":true,"href":"https:\/\/kirschke-baumschulen.de\/index.php?rest_route=\/wp\/v2\/users\/1"}],"replies":[{"embeddable":true,"href":"https:\/\/kirschke-baumschulen.de\/index.php?rest_route=%2Fwp%2Fv2%2Fcomments&post=80"}],"version-history":[{"count":4,"href":"https:\/\/kirschke-baumschulen.de\/index.php?rest_route=\/wp\/v2\/pages\/80\/revisions"}],"predecessor-version":[{"id":343,"href":"https:\/\/kirschke-baumschulen.de\/index.php?rest_route=\/wp\/v2\/pages\/80\/revisions\/343"}],"wp:attachment":[{"href":"https:\/\/kirschke-baumschulen.de\/index.php?rest_route=%2Fwp%2Fv2%2Fmedia&parent=80"}],"curies":[{"name":"wp","href":"https:\/\/api.w.org\/{rel}","templated":true}]}}