{"id":69,"date":"2019-02-21T21:36:38","date_gmt":"2019-02-21T20:36:38","guid":{"rendered":"http:\/\/kirschke-baumschulen.de\/?page_id=69"},"modified":"2026-03-21T12:39:47","modified_gmt":"2026-03-21T11:39:47","slug":"angebot","status":"publish","type":"page","link":"https:\/\/kirschke-baumschulen.de\/?page_id=69","title":{"rendered":"Angebot"},"content":{"rendered":"\n<p class=\"has-text-align-center\">Anspruchsvolle Solit\u00e4rgeh\u00f6lze<br>Bodendecker <br>Containerpflanzen <br>Koniferen <br>Landschaftsgeh\u00f6lze <br>Laubgeh\u00f6lze <br>Spezialit\u00e4ten <br>Schlinger und Kletterpflanzen <br>Zulieferer f\u00fcr Handelsfirmen <\/p>\n\n\n\n<div class=\"wp-block-image\"><figure class=\"aligncenter is-resized\"><img loading=\"lazy\" src=\"http:\/\/kirschke-baumschulen.de\/wp-content\/uploads\/2019\/02\/Foto-Angebot-Bild-1-1-988x1024.jpg\" alt=\"\" class=\"wp-image-76\" width=\"481\" height=\"498\" srcset=\"https:\/\/kirschke-baumschulen.de\/wp-content\/uploads\/2019\/02\/Foto-Angebot-Bild-1-1-988x1024.jpg 988w, https:\/\/kirschke-baumschulen.de\/wp-content\/uploads\/2019\/02\/Foto-Angebot-Bild-1-1-290x300.jpg 290w, https:\/\/kirschke-baumschulen.de\/wp-content\/uploads\/2019\/02\/Foto-Angebot-Bild-1-1-768x796.jpg 768w, https:\/\/kirschke-baumschulen.de\/wp-content\/uploads\/2019\/02\/Foto-Angebot-Bild-1-1.jpg 1000w\" sizes=\"(max-width: 481px) 100vw, 481px\" \/><\/figure><\/div>\n\n\n\n<p class=\"has-text-align-center\"><br><\/p>\n","protected":false},"excerpt":{"rendered":"<p>Anspruchsvolle Solit\u00e4rgeh\u00f6lzeBodendecker Containerpflanzen Koniferen Landschaftsgeh\u00f6lze Laubgeh\u00f6lze Spezialit\u00e4ten Schlinger und Kletterpflanzen Zulieferer f\u00fcr Handelsfirmen<\/p>\n","protected":false},"author":1,"featured_media":0,"parent":0,"menu_order":2,"comment_status":"closed","ping_status":"closed","template":"","meta":{"site-sidebar-layout":"default","site-content-layout":"","ast-site-content-layout":"default","site-content-style":"default","site-sidebar-style":"default","ast-global-header-display":"","ast-banner-title-visibility":"","ast-main-header-display":"","ast-hfb-above-header-display":"","ast-hfb-below-header-display":"","ast-hfb-mobile-header-display":"","site-post-title":"","ast-breadcrumbs-content":"","ast-featured-img":"","footer-sml-layout":"","ast-disable-related-posts":"","theme-transparent-header-meta":"","adv-header-id-meta":"","stick-header-meta":"","header-above-stick-meta":"","header-main-stick-meta":"","header-below-stick-meta":"","astra-migrate-meta-layouts":"default","ast-page-background-enabled":"default","ast-page-background-meta":{"desktop":{"background-color":"var(--ast-global-color-5)","background-image":"","background-repeat":"repeat","background-position":"center center","background-size":"auto","background-attachment":"scroll","background-type":"","background-media":"","overlay-type":"","overlay-color":"","overlay-opacity":"","overlay-gradient":""},"tablet":{"background-color":"","background-image":"","background-repeat":"repeat","background-position":"center center","background-size":"auto","background-attachment":"scroll","background-type":"","background-media":"","overlay-type":"","overlay-color":"","overlay-opacity":"","overlay-gradient":""},"mobile":{"background-color":"","background-image":"","background-repeat":"repeat","background-position":"center center","background-size":"auto","background-attachment":"scroll","background-type":"","background-media":"","overlay-type":"","overlay-color":"","overlay-opacity":"","overlay-gradient":""}},"ast-content-background-meta":{"desktop":{"background-color":"var(--ast-global-color-4)","background-image":"","background-repeat":"repeat","background-position":"center center","background-size":"auto","background-attachment":"scroll","background-type":"","background-media":"","overlay-type":"","overlay-color":"","overlay-opacity":"","overlay-gradient":""},"tablet":{"background-color":"var(--ast-global-color-4)","background-image":"","background-repeat":"repeat","background-position":"center center","background-size":"auto","background-attachment":"scroll","background-type":"","background-media":"","overlay-type":"","overlay-color":"","overlay-opacity":"","overlay-gradient":""},"mobile":{"background-color":"var(--ast-global-color-4)","background-image":"","background-repeat":"repeat","background-position":"center center","background-size":"auto","background-attachment":"scroll","background-type":"","background-media":"","overlay-type":"","overlay-color":"","overlay-opacity":"","overlay-gradient":""}}},"_links":{"self":[{"href":"https:\/\/kirschke-baumschulen.de\/index.php?rest_route=\/wp\/v2\/pages\/69"}],"collection":[{"href":"https:\/\/kirschke-baumschulen.de\/index.php?rest_route=\/wp\/v2\/pages"}],"about":[{"href":"https:\/\/kirschke-baumschulen.de\/index.php?rest_route=\/wp\/v2\/types\/page"}],"author":[{"embeddable":true,"href":"https:\/\/kirschke-baumschulen.de\/index.php?rest_route=\/wp\/v2\/users\/1"}],"replies":[{"embeddable":true,"href":"https:\/\/kirschke-baumschulen.de\/index.php?rest_route=%2Fwp%2Fv2%2Fcomments&post=69"}],"version-history":[{"count":7,"href":"https:\/\/kirschke-baumschulen.de\/index.php?rest_route=\/wp\/v2\/pages\/69\/revisions"}],"predecessor-version":[{"id":363,"href":"https:\/\/kirschke-baumschulen.de\/index.php?rest_route=\/wp\/v2\/pages\/69\/revisions\/363"}],"wp:attachment":[{"href":"https:\/\/kirschke-baumschulen.de\/index.php?rest_route=%2Fwp%2Fv2%2Fmedia&parent=69"}],"curies":[{"name":"wp","href":"https:\/\/api.w.org\/{rel}","templated":true}]}}