{"id":315,"date":"2026-03-21T11:38:55","date_gmt":"2026-03-21T10:38:55","guid":{"rendered":"http:\/\/kirschke-baumschulen.de\/?page_id=315"},"modified":"2026-03-21T12:39:04","modified_gmt":"2026-03-21T11:39:04","slug":"ueber-uns","status":"publish","type":"page","link":"https:\/\/kirschke-baumschulen.de\/?page_id=315","title":{"rendered":"\u00dcber uns"},"content":{"rendered":"\n<h1 class=\"has-text-align-center\">Wir sind H.Kirschke Baumschulen<\/h1>\n\n\n\n<p class=\"has-text-align-center has-medium-font-size\">H. Kirschke Baumschulen stehen seit \u00fcber 50 Jahren f\u00fcr Qualit\u00e4t und Zuverl\u00e4ssigkeit im Bereich Baumschulproduktion. Als familiengef\u00fchrter Betrieb in dritter Generation sind wir im Baumschulgebiet Pinneberg verwurzelt und beliefern Fachkunden in ganz Europa.<\/p>\n\n\n\n<p class=\"has-text-align-center has-medium-font-size\">Der Schwerpunkt unserer Produktion liegt in der eigenen Vermehrung. Vom Steckling bis zur mehrj\u00e4hrigen Solit\u00e4rpflanze. Durch diese durchgehende Produktion gew\u00e4hrleisten wir eine gleichbleibend hohe Qualit\u00e4t sowie eine zuverl\u00e4ssige Verf\u00fcgbarkeit unserer Pflanzen.<\/p>\n\n\n\n<p class=\"has-text-align-center has-medium-font-size\">Unser Sortiment richtet sich gezielt an den Handelsfirmen, Gartencenter sowie Online-Pflanzenh\u00e4ndler.<\/p>\n\n\n\n<p class=\"has-text-align-center has-medium-font-size\">Schon fr\u00fcher galt bei uns der Satz:<br><\/p>\n\n\n\n<blockquote class=\"wp-block-quote has-text-align-center is-style-large\"><p><strong><span style=\"color:#08b132\" class=\"has-inline-color\">\u201eNicht verzagen, Kirschke fragen.\u201c<\/span><\/strong><\/p><\/blockquote>\n\n\n\n<p class=\"has-text-align-center has-medium-font-size\">Dieser wurde \u00fcber viele Jahre von Kollegen und Kunden gepr\u00e4gt und steht bis heute f\u00fcr unser breites Sortiment und unsere besondere St\u00e4rke, auch seltene oder spezielle Pflanzen anbieten zu k\u00f6nnen.<\/p>\n\n\n\n<p class=\"has-text-align-center has-medium-font-size\">Langj\u00e4hrige Erfahrung, strukturierte Produktionsabl\u00e4ufe und ein breites Sortiment erm\u00f6glichen es uns, flexibel auf Kundenanforderungen einzugehen und eine kontinuierliche Belieferung sicherzustellen.<\/p>\n\n\n\n<p class=\"has-text-align-center has-medium-font-size\">H. Kirschke Baumschulen ist ein Betrieb von Inhaberin Yvonne Kirschke und steht als Sortimentsbaumschule f\u00fcr Qualit\u00e4t, Vielfalt und Verl\u00e4sslichkeit.<\/p>\n","protected":false},"excerpt":{"rendered":"<p>Wir sind H.Kirschke Baumschulen H. Kirschke Baumschulen stehen seit \u00fcber 50 Jahren f\u00fcr Qualit\u00e4t und Zuverl\u00e4ssigkeit im Bereich Baumschulproduktion. Als [&hellip;]<\/p>\n","protected":false},"author":1,"featured_media":0,"parent":0,"menu_order":0,"comment_status":"closed","ping_status":"closed","template":"","meta":{"site-sidebar-layout":"default","site-content-layout":"","ast-site-content-layout":"default","site-content-style":"default","site-sidebar-style":"default","ast-global-header-display":"","ast-banner-title-visibility":"","ast-main-header-display":"","ast-hfb-above-header-display":"","ast-hfb-below-header-display":"","ast-hfb-mobile-header-display":"","site-post-title":"","ast-breadcrumbs-content":"","ast-featured-img":"","footer-sml-layout":"","ast-disable-related-posts":"","theme-transparent-header-meta":"","adv-header-id-meta":"","stick-header-meta":"","header-above-stick-meta":"","header-main-stick-meta":"","header-below-stick-meta":"","astra-migrate-meta-layouts":"default","ast-page-background-enabled":"default","ast-page-background-meta":{"desktop":{"background-color":"var(--ast-global-color-5)","background-image":"","background-repeat":"repeat","background-position":"center center","background-size":"auto","background-attachment":"scroll","background-type":"","background-media":"","overlay-type":"","overlay-color":"","overlay-opacity":"","overlay-gradient":""},"tablet":{"background-color":"","background-image":"","background-repeat":"repeat","background-position":"center center","background-size":"auto","background-attachment":"scroll","background-type":"","background-media":"","overlay-type":"","overlay-color":"","overlay-opacity":"","overlay-gradient":""},"mobile":{"background-color":"","background-image":"","background-repeat":"repeat","background-position":"center center","background-size":"auto","background-attachment":"scroll","background-type":"","background-media":"","overlay-type":"","overlay-color":"","overlay-opacity":"","overlay-gradient":""}},"ast-content-background-meta":{"desktop":{"background-color":"var(--ast-global-color-4)","background-image":"","background-repeat":"repeat","background-position":"center center","background-size":"auto","background-attachment":"scroll","background-type":"","background-media":"","overlay-type":"","overlay-color":"","overlay-opacity":"","overlay-gradient":""},"tablet":{"background-color":"var(--ast-global-color-4)","background-image":"","background-repeat":"repeat","background-position":"center center","background-size":"auto","background-attachment":"scroll","background-type":"","background-media":"","overlay-type":"","overlay-color":"","overlay-opacity":"","overlay-gradient":""},"mobile":{"background-color":"var(--ast-global-color-4)","background-image":"","background-repeat":"repeat","background-position":"center center","background-size":"auto","background-attachment":"scroll","background-type":"","background-media":"","overlay-type":"","overlay-color":"","overlay-opacity":"","overlay-gradient":""}}},"_links":{"self":[{"href":"https:\/\/kirschke-baumschulen.de\/index.php?rest_route=\/wp\/v2\/pages\/315"}],"collection":[{"href":"https:\/\/kirschke-baumschulen.de\/index.php?rest_route=\/wp\/v2\/pages"}],"about":[{"href":"https:\/\/kirschke-baumschulen.de\/index.php?rest_route=\/wp\/v2\/types\/page"}],"author":[{"embeddable":true,"href":"https:\/\/kirschke-baumschulen.de\/index.php?rest_route=\/wp\/v2\/users\/1"}],"replies":[{"embeddable":true,"href":"https:\/\/kirschke-baumschulen.de\/index.php?rest_route=%2Fwp%2Fv2%2Fcomments&post=315"}],"version-history":[{"count":10,"href":"https:\/\/kirschke-baumschulen.de\/index.php?rest_route=\/wp\/v2\/pages\/315\/revisions"}],"predecessor-version":[{"id":361,"href":"https:\/\/kirschke-baumschulen.de\/index.php?rest_route=\/wp\/v2\/pages\/315\/revisions\/361"}],"wp:attachment":[{"href":"https:\/\/kirschke-baumschulen.de\/index.php?rest_route=%2Fwp%2Fv2%2Fmedia&parent=315"}],"curies":[{"name":"wp","href":"https:\/\/api.w.org\/{rel}","templated":true}]}}