{"id":231,"date":"2023-10-06T12:07:32","date_gmt":"2023-10-06T11:07:32","guid":{"rendered":"http:\/\/kirschke-baumschulen.de\/?page_id=231"},"modified":"2026-03-21T12:52:39","modified_gmt":"2026-03-21T11:52:39","slug":"wir-ueber-uns","status":"publish","type":"page","link":"https:\/\/kirschke-baumschulen.de\/?page_id=231","title":{"rendered":"Unser Geschichte"},"content":{"rendered":"\n<p class=\"has-text-align-center\">Im Jahre 1973  wurde  die Baumschule von Herbert Kirschke geg\u00fcndet. Es wurden haupts\u00e4chlich wurzelnackte Str\u00e4ucher und Jungpflanzen produziert. Ein paar Jahre sp\u00e4ter wurden auch schon die ersten Solti\u00e4r aufgepflanzt. So entstand unser &#8218;Motto&#8216; von der Jungpflanze bis zum Solt\u00e4r.<\/p>\n\n\n\n<p class=\"has-text-align-center\">Im Jahre 1988 wurde die Baumschule von seinen Sohn Michael Kirschke, mit viel Herzblut \u00fcbernommen. Der kleine Betrieb, wuchs stetig weiter und wurde auf ein gr\u00f6\u00dferes Sortiment aufgestockt. Die Betriebsgeb\u00e4ude, sowie Hofplatz und Hallen wurden erbaut und stetig erweitert.  Der Fuhrpark wurde gr\u00f6\u00dfer und auch mit den Jahren kam die moderne Technik auf den Hof.  Mit der Zeit wuchs der Betreib, auf eine gr\u00f6\u00dfe von 20 ha und auch viele Rarit\u00e4ten und Besonderheiten waren neu im vielseitigen Sortiment. <\/p>\n\n\n\n<p class=\"has-text-align-center\">Die Baumschule war sein Lebenswerk, er hat die Firma mit viel Liebe zum Detail gef\u00fchrt, bis Michael pl\u00f6tzlich im August 2018 verstarb. Die Baumschule wurde auf einmal vor neue gro\u00dfe Herrausforderungen gestellt. <\/p>\n\n\n\n<p class=\"has-text-align-center\">Seine Frau Susanne Kirschke \u00fcbernahm von nun an den Betreib. Die Baumschule wurde von nun an neu strukturiert und aus reiner Frauenhand weitergef\u00fchrt. Viele neue Herrausforderungen wurden gemeistert und die Firma wurde in Michaels besten Sinne weitergef\u00fchrt.<\/p>\n\n\n\n<p class=\"has-text-align-center\">Bis seine Tochter Yvonne Kirschke, die Baumschule im Juli 2022 \u00fcbernahm und bis heute f\u00fchrt. Das Sortiment hat sich ge\u00e4ndert. Weniger Solit\u00e4rpflanzen und Freilandfl\u00e4chen, aber daf\u00fcr wurden die Containerkulturen weiter ausgebaut. Die reduzierte Baumschulfl\u00e4che betr\u00e4gt nun 12 ha. Neuste Topfmaschinen, moderne Technik und ein gro\u00dfer Fuhrpark, verhelfen zu einen modernen Familenbetrieb, der mit Frauenpower gef\u00fchrt wird. <\/p>\n\n\n\n<p class=\"has-text-align-center\"><strong><span class=\"has-inline-color has-vivid-green-cyan-color\">&#8222;Nicht verzagen, Kirschke fragen.&#8220;<\/span> <\/strong><\/p>\n\n\n\n<div class=\"wp-block-image is-style-default\"><figure class=\"aligncenter size-large\"><img loading=\"lazy\" width=\"1024\" height=\"633\" src=\"http:\/\/kirschke-baumschulen.de\/wp-content\/uploads\/2019\/02\/Foto-Start-Betr-Luftbild-1024x633.jpg\" alt=\"\" class=\"wp-image-46\" srcset=\"https:\/\/kirschke-baumschulen.de\/wp-content\/uploads\/2019\/02\/Foto-Start-Betr-Luftbild-1024x633.jpg 1024w, https:\/\/kirschke-baumschulen.de\/wp-content\/uploads\/2019\/02\/Foto-Start-Betr-Luftbild-300x185.jpg 300w, https:\/\/kirschke-baumschulen.de\/wp-content\/uploads\/2019\/02\/Foto-Start-Betr-Luftbild-768x475.jpg 768w, https:\/\/kirschke-baumschulen.de\/wp-content\/uploads\/2019\/02\/Foto-Start-Betr-Luftbild.jpg 1400w\" sizes=\"(max-width: 1024px) 100vw, 1024px\" \/><\/figure><\/div>\n","protected":false},"excerpt":{"rendered":"<p>Im Jahre 1973 wurde die Baumschule von Herbert Kirschke geg\u00fcndet. Es wurden haupts\u00e4chlich wurzelnackte Str\u00e4ucher und Jungpflanzen produziert. Ein paar [&hellip;]<\/p>\n","protected":false},"author":1,"featured_media":0,"parent":0,"menu_order":3,"comment_status":"closed","ping_status":"closed","template":"","meta":{"site-sidebar-layout":"default","site-content-layout":"","ast-site-content-layout":"default","site-content-style":"default","site-sidebar-style":"default","ast-global-header-display":"","ast-banner-title-visibility":"","ast-main-header-display":"","ast-hfb-above-header-display":"","ast-hfb-below-header-display":"","ast-hfb-mobile-header-display":"","site-post-title":"","ast-breadcrumbs-content":"","ast-featured-img":"","footer-sml-layout":"","ast-disable-related-posts":"","theme-transparent-header-meta":"","adv-header-id-meta":"","stick-header-meta":"","header-above-stick-meta":"","header-main-stick-meta":"","header-below-stick-meta":"","astra-migrate-meta-layouts":"default","ast-page-background-enabled":"default","ast-page-background-meta":{"desktop":{"background-color":"var(--ast-global-color-5)","background-image":"","background-repeat":"repeat","background-position":"center center","background-size":"auto","background-attachment":"scroll","background-type":"","background-media":"","overlay-type":"","overlay-color":"","overlay-opacity":"","overlay-gradient":""},"tablet":{"background-color":"","background-image":"","background-repeat":"repeat","background-position":"center center","background-size":"auto","background-attachment":"scroll","background-type":"","background-media":"","overlay-type":"","overlay-color":"","overlay-opacity":"","overlay-gradient":""},"mobile":{"background-color":"","background-image":"","background-repeat":"repeat","background-position":"center center","background-size":"auto","background-attachment":"scroll","background-type":"","background-media":"","overlay-type":"","overlay-color":"","overlay-opacity":"","overlay-gradient":""}},"ast-content-background-meta":{"desktop":{"background-color":"var(--ast-global-color-4)","background-image":"","background-repeat":"repeat","background-position":"center center","background-size":"auto","background-attachment":"scroll","background-type":"","background-media":"","overlay-type":"","overlay-color":"","overlay-opacity":"","overlay-gradient":""},"tablet":{"background-color":"var(--ast-global-color-4)","background-image":"","background-repeat":"repeat","background-position":"center center","background-size":"auto","background-attachment":"scroll","background-type":"","background-media":"","overlay-type":"","overlay-color":"","overlay-opacity":"","overlay-gradient":""},"mobile":{"background-color":"var(--ast-global-color-4)","background-image":"","background-repeat":"repeat","background-position":"center center","background-size":"auto","background-attachment":"scroll","background-type":"","background-media":"","overlay-type":"","overlay-color":"","overlay-opacity":"","overlay-gradient":""}}},"_links":{"self":[{"href":"https:\/\/kirschke-baumschulen.de\/index.php?rest_route=\/wp\/v2\/pages\/231"}],"collection":[{"href":"https:\/\/kirschke-baumschulen.de\/index.php?rest_route=\/wp\/v2\/pages"}],"about":[{"href":"https:\/\/kirschke-baumschulen.de\/index.php?rest_route=\/wp\/v2\/types\/page"}],"author":[{"embeddable":true,"href":"https:\/\/kirschke-baumschulen.de\/index.php?rest_route=\/wp\/v2\/users\/1"}],"replies":[{"embeddable":true,"href":"https:\/\/kirschke-baumschulen.de\/index.php?rest_route=%2Fwp%2Fv2%2Fcomments&post=231"}],"version-history":[{"count":16,"href":"https:\/\/kirschke-baumschulen.de\/index.php?rest_route=\/wp\/v2\/pages\/231\/revisions"}],"predecessor-version":[{"id":371,"href":"https:\/\/kirschke-baumschulen.de\/index.php?rest_route=\/wp\/v2\/pages\/231\/revisions\/371"}],"wp:attachment":[{"href":"https:\/\/kirschke-baumschulen.de\/index.php?rest_route=%2Fwp%2Fv2%2Fmedia&parent=231"}],"curies":[{"name":"wp","href":"https:\/\/api.w.org\/{rel}","templated":true}]}}